{"id":1403,"date":"2025-07-28T15:56:04","date_gmt":"2025-07-28T13:56:04","guid":{"rendered":"https:\/\/www.colombe-julia.com\/?page_id=1403"},"modified":"2026-04-02T10:26:33","modified_gmt":"2026-04-02T08:26:33","slug":"newsletter","status":"publish","type":"page","link":"https:\/\/www.colombe-julia.com\/index.php\/newsletter\/","title":{"rendered":"Newsletter"},"content":{"rendered":"\n<h2 class=\"wp-block-heading\"><strong>La newsletter de Colombe<\/strong><\/h2>\n\n\n\n<p>Cette newsletter partage l\u2019avanc\u00e9e du projet sportif, les comp\u00e9titions et les actions men\u00e9es avec les partenaires.<\/p>\n\n\n\n<p>J\u2019y partage chaque mois les coulisses de cette aventure humaine et sportive :<br>\ud83d\udca1 r\u00e9flexions, doutes, comp\u00e9titions, inspirations et rencontres.<\/p>\n\n\n\n<p>\ud83d\udcec Pour recevoir ma newsletter, embarquez ici : <a href=\"https:\/\/bit.ly\/3U1sBX9\">https:\/\/bit.ly\/3U1sBX9<\/a><\/p>\n\n\n\n<figure class=\"wp-block-gallery has-nested-images columns-default is-cropped wp-block-gallery-1 is-layout-flex wp-block-gallery-is-layout-flex\">\n<figure class=\"wp-block-image size-large\"><img fetchpriority=\"high\" decoding=\"async\" width=\"1024\" height=\"768\" data-id=\"1423\" src=\"https:\/\/www.colombe-julia.com\/wp-content\/uploads\/2025\/07\/P1044887_010525-1024x768.jpg\" alt=\"\" class=\"wp-image-1423\" srcset=\"https:\/\/www.colombe-julia.com\/wp-content\/uploads\/2025\/07\/P1044887_010525-1024x768.jpg 1024w, https:\/\/www.colombe-julia.com\/wp-content\/uploads\/2025\/07\/P1044887_010525-300x225.jpg 300w, https:\/\/www.colombe-julia.com\/wp-content\/uploads\/2025\/07\/P1044887_010525-768x576.jpg 768w, https:\/\/www.colombe-julia.com\/wp-content\/uploads\/2025\/07\/P1044887_010525-1536x1152.jpg 1536w, https:\/\/www.colombe-julia.com\/wp-content\/uploads\/2025\/07\/P1044887_010525-2048x1536.jpg 2048w\" sizes=\"(max-width: 1024px) 100vw, 1024px\" \/><\/figure>\n<\/figure>\n\n\n\n<h3 class=\"wp-block-heading\">\ud83d\udce9 Derni\u00e8res newsletters<\/h3>\n\n\n\n<h3 class=\"wp-block-heading\">2026<\/h3>\n\n\n\n<p><a href=\"https:\/\/gwoxx.r.ag.d.sendibm3.com\/mk\/mr\/sh\/1f8JAEjGcfF85v5jj3ZrGIgyJV\/RKZnx1rw5pcf\" data-type=\"link\" data-id=\"https:\/\/gwoxx.r.ag.d.sendibm3.com\/mk\/mr\/sh\/1f8JAEjGcfF85v5jj3ZrGIgyJV\/RKZnx1rw5pcf\">Mars 2026<\/a><\/p>\n\n\n\n<p><a href=\"https:\/\/gwoxx.r.ag.d.sendibm3.com\/mk\/mr\/sh\/1f8JAEjGcfF85v5jj3ZrGIgyJV\/wiNJofPvetPG\" data-type=\"link\" data-id=\"https:\/\/gwoxx.r.ag.d.sendibm3.com\/mk\/mr\/sh\/1f8JAEjGcfF85v5jj3ZrGIgyJV\/wiNJofPvetPG\">F\u00e9vrier 2026<\/a><\/p>\n\n\n\n<p><a href=\"https:\/\/gwoxx.r.ag.d.sendibm3.com\/mk\/mr\/sh\/1f8JAEjGcfF85v5jj3ZrGIgyJV\/VEELO5t2L4SE\" data-type=\"link\" data-id=\"https:\/\/gwoxx.r.ag.d.sendibm3.com\/mk\/mr\/sh\/1f8JAEjGcfF85v5jj3ZrGIgyJV\/VEELO5t2L4SE\">Janvier 2026<\/a><\/p>\n\n\n\n<h3 class=\"wp-block-heading\">2025<\/h3>\n\n\n\n<p><a href=\"https:\/\/gwoxx.r.ag.d.sendibm3.com\/mk\/mr\/sh\/1f8JAEjGcfF85v5jj3ZrGIgyJV\/iYXIPDkLju2w\" data-type=\"link\" data-id=\"https:\/\/gwoxx.r.ag.d.sendibm3.com\/mk\/mr\/sh\/1f8JAEjGcfF85v5jj3ZrGIgyJV\/iYXIPDkLju2w\">D\u00e9cembre 2025<\/a><\/p>\n\n\n\n<p><a href=\"https:\/\/gwoxx.r.ag.d.sendibm3.com\/mk\/mr\/sh\/1f8JAEjGcfF85v5jj3ZrGIgyJV\/Ku1uUU0zWnZ6\" data-type=\"link\" data-id=\"https:\/\/gwoxx.r.ag.d.sendibm3.com\/mk\/mr\/sh\/1f8JAEjGcfF85v5jj3ZrGIgyJV\/Ku1uUU0zWnZ6\">Novembre 2025<\/a><\/p>\n\n\n\n<p><a href=\"https:\/\/gwoxx.r.ag.d.sendibm3.com\/mk\/mr\/sh\/1f8JAEjGcfF85v5jj3ZrGIgyJV\/Y9Ep-Hz6qi3w\" data-type=\"link\" data-id=\"https:\/\/gwoxx.r.ag.d.sendibm3.com\/mk\/mr\/sh\/1f8JAEjGcfF85v5jj3ZrGIgyJV\/Y9Ep-Hz6qi3w\">Octobre 2025<\/a><\/p>\n\n\n\n<p><a href=\"https:\/\/gwoxx.r.ag.d.sendibm3.com\/mk\/mr\/sh\/1f8JAEjGcfF85v5jj3ZrGIgyJV\/dyRT-QR8R2so\" data-type=\"link\" data-id=\"https:\/\/gwoxx.r.ag.d.sendibm3.com\/mk\/mr\/sh\/1f8JAEjGcfF85v5jj3ZrGIgyJV\/dyRT-QR8R2so\">Septembre 2025<\/a> <\/p>\n\n\n\n<p><a href=\"https:\/\/gwoxx.r.ag.d.sendibm3.com\/mk\/mr\/sh\/1f8JAEjGcfF85v5jj3ZrGIgyJV\/7_qrztz6XSdR\" data-type=\"link\" data-id=\"https:\/\/gwoxx.r.ag.d.sendibm3.com\/mk\/mr\/sh\/1f8JAEjGcfF85v5jj3ZrGIgyJV\/7_qrztz6XSdR\">Ao\u00fbt 2025<\/a> <\/p>\n\n\n\n<p><a href=\"https:\/\/gwoxx.r.ag.d.sendibm3.com\/mk\/mr\/sh\/1f8JAEjGcfF85nlcxQKgXuEJUv\/eTUluPvXHLOP\" data-type=\"link\" data-id=\"https:\/\/gwoxx.r.ag.d.sendibm3.com\/mk\/mr\/sh\/1f8JAEjGcfF85nlcxQKgXuEJUv\/eTUluPvXHLOP\">Juillet 2025<\/a> <\/p>\n\n\n\n<p><\/p>\n\n\n\n<p><\/p>\n","protected":false},"excerpt":{"rendered":"<p>La newsletter de Colombe Cette newsletter partage l\u2019avanc\u00e9e du projet sportif, les comp\u00e9titions et les actions men\u00e9es avec les partenaires. J\u2019y partage chaque mois les coulisses de cette aventure humaine et sportive :\ud83d\udca1 r\u00e9flexions, doutes, comp\u00e9titions, inspirations et rencontres. \ud83d\udcec Pour recevoir ma newsletter, embarquez ici : https:\/\/bit.ly\/3U1sBX9 \ud83d\udce9 Derni\u00e8res newsletters 2026 Mars 2026 F\u00e9vrier [&hellip;]<\/p>\n","protected":false},"author":1,"featured_media":0,"parent":0,"menu_order":0,"comment_status":"closed","ping_status":"closed","template":"","meta":{"footnotes":""},"class_list":["post-1403","page","type-page","status-publish","hentry"],"blocksy_meta":[],"_links":{"self":[{"href":"https:\/\/www.colombe-julia.com\/index.php\/wp-json\/wp\/v2\/pages\/1403","targetHints":{"allow":["GET"]}}],"collection":[{"href":"https:\/\/www.colombe-julia.com\/index.php\/wp-json\/wp\/v2\/pages"}],"about":[{"href":"https:\/\/www.colombe-julia.com\/index.php\/wp-json\/wp\/v2\/types\/page"}],"author":[{"embeddable":true,"href":"https:\/\/www.colombe-julia.com\/index.php\/wp-json\/wp\/v2\/users\/1"}],"replies":[{"embeddable":true,"href":"https:\/\/www.colombe-julia.com\/index.php\/wp-json\/wp\/v2\/comments?post=1403"}],"version-history":[{"count":14,"href":"https:\/\/www.colombe-julia.com\/index.php\/wp-json\/wp\/v2\/pages\/1403\/revisions"}],"predecessor-version":[{"id":1447,"href":"https:\/\/www.colombe-julia.com\/index.php\/wp-json\/wp\/v2\/pages\/1403\/revisions\/1447"}],"wp:attachment":[{"href":"https:\/\/www.colombe-julia.com\/index.php\/wp-json\/wp\/v2\/media?parent=1403"}],"curies":[{"name":"wp","href":"https:\/\/api.w.org\/{rel}","templated":true}]}}