{"id":1257,"date":"2025-05-27T15:47:09","date_gmt":"2025-05-27T13:47:09","guid":{"rendered":"https:\/\/www.colombe-julia.com\/?page_id=1257"},"modified":"2025-07-28T16:09:48","modified_gmt":"2025-07-28T14:09:48","slug":"partenariat","status":"publish","type":"page","link":"https:\/\/www.colombe-julia.com\/index.php\/partenariat\/","title":{"rendered":"Partenariat"},"content":{"rendered":"\n<h2 class=\"wp-block-heading\"><strong>Embarquez avec Colombe Julia<\/strong><\/h2>\n\n\n\n<p>Rejoignez une aventure humaine et sportive qui valorise votre entreprise et f\u00e9d\u00e8re vos \u00e9quipes autour d\u2019un projet unique. Les avantages sont nombreux pour votre entreprises :<\/p>\n\n\n\n<h3 class=\"wp-block-heading\">1. Valorisation de votre marque employeur<\/h3>\n\n\n\n<p>B\u00e9n\u00e9ficiez d\u2019une visibilit\u00e9 forte gr\u00e2ce \u00e0 des articles de presse d\u00e9di\u00e9s et une pr\u00e9sence m\u00e9diatique cibl\u00e9e, qui renforcent l\u2019image et la r\u00e9putation de votre entreprise.<\/p>\n\n\n\n<figure class=\"wp-block-gallery has-nested-images columns-default is-cropped wp-block-gallery-1 is-layout-flex wp-block-gallery-is-layout-flex\">\n<figure class=\"wp-block-image size-large\"><img fetchpriority=\"high\" decoding=\"async\" width=\"477\" height=\"829\" data-id=\"1360\" src=\"https:\/\/www.colombe-julia.com\/wp-content\/uploads\/2025\/07\/image-3-1.png\" alt=\"\" class=\"wp-image-1360\" srcset=\"https:\/\/www.colombe-julia.com\/wp-content\/uploads\/2025\/07\/image-3-1.png 477w, https:\/\/www.colombe-julia.com\/wp-content\/uploads\/2025\/07\/image-3-1-173x300.png 173w\" sizes=\"(max-width: 477px) 100vw, 477px\" \/><\/figure>\n\n\n\n<figure class=\"wp-block-image size-large\"><img decoding=\"async\" width=\"479\" height=\"767\" data-id=\"1359\" src=\"https:\/\/www.colombe-julia.com\/wp-content\/uploads\/2025\/07\/image-4.png\" alt=\"\" class=\"wp-image-1359\" srcset=\"https:\/\/www.colombe-julia.com\/wp-content\/uploads\/2025\/07\/image-4.png 479w, https:\/\/www.colombe-julia.com\/wp-content\/uploads\/2025\/07\/image-4-187x300.png 187w\" sizes=\"(max-width: 479px) 100vw, 479px\" \/><\/figure>\n\n\n\n<figure class=\"wp-block-image size-large\"><img decoding=\"async\" width=\"495\" height=\"805\" data-id=\"1358\" src=\"https:\/\/www.colombe-julia.com\/wp-content\/uploads\/2025\/07\/image-5.png\" alt=\"\" class=\"wp-image-1358\" srcset=\"https:\/\/www.colombe-julia.com\/wp-content\/uploads\/2025\/07\/image-5.png 495w, https:\/\/www.colombe-julia.com\/wp-content\/uploads\/2025\/07\/image-5-184x300.png 184w\" sizes=\"(max-width: 495px) 100vw, 495px\" \/><\/figure>\n<\/figure>\n\n\n\n<hr class=\"wp-block-separator has-alpha-channel-opacity\"\/>\n\n\n\n<h3 class=\"wp-block-heading\">2. F\u00e9d\u00e9rer vos \u00e9quipes autour d\u2019un projet inspirant<\/h3>\n\n\n\n<p>Offrez \u00e0 vos collaborateurs des moments conviviaux et enrichissants :<\/p>\n\n\n\n<ul class=\"wp-block-list\">\n<li>Partage de la passion de la course<\/li>\n\n\n\n<li>Photos et souvenirs de team building pour renforcer la coh\u00e9sion<\/li>\n<\/ul>\n\n\n\n<hr class=\"wp-block-separator has-alpha-channel-opacity\"\/>\n\n\n\n<figure class=\"wp-block-gallery has-nested-images columns-default is-cropped wp-block-gallery-2 is-layout-flex wp-block-gallery-is-layout-flex\">\n<figure class=\"wp-block-image alignwide size-large\"><img loading=\"lazy\" decoding=\"async\" width=\"1080\" height=\"720\" data-id=\"1382\" src=\"https:\/\/www.colombe-julia.com\/wp-content\/uploads\/2025\/07\/image-8-1-edited.png\" alt=\"\" class=\"wp-image-1382\" srcset=\"https:\/\/www.colombe-julia.com\/wp-content\/uploads\/2025\/07\/image-8-1-edited.png 1080w, https:\/\/www.colombe-julia.com\/wp-content\/uploads\/2025\/07\/image-8-1-edited-300x200.png 300w, https:\/\/www.colombe-julia.com\/wp-content\/uploads\/2025\/07\/image-8-1-edited-1024x683.png 1024w, https:\/\/www.colombe-julia.com\/wp-content\/uploads\/2025\/07\/image-8-1-edited-768x512.png 768w\" sizes=\"(max-width: 1080px) 100vw, 1080px\" \/><\/figure>\n<\/figure>\n\n\n\n<h3 class=\"wp-block-heading\">3. Contenu exclusif pour vos r\u00e9seaux sociaux<\/h3>\n\n\n\n<p>Mettez en avant vos valeurs \u00e0 travers des contenus authentiques, \u00e9motionnels et impactants, diffus\u00e9s r\u00e9guli\u00e8rement sur vos r\u00e9seaux.<\/p>\n\n\n\n<div class=\"wp-block-buttons is-content-justification-center is-layout-flex wp-container-core-buttons-is-layout-a89b3969 wp-block-buttons-is-layout-flex\">\n<div class=\"wp-block-button\"><a class=\"wp-block-button__link wp-element-button\" href=\"https:\/\/www.linkedin.com\/in\/colombe-julia-a6070b131\/\">Linkedin<\/a><\/div>\n\n\n\n<div class=\"wp-block-button\"><a class=\"wp-block-button__link wp-element-button\" href=\"https:\/\/www.facebook.com\/ColombeJulia\/?locale=fr_FR\">Facebook<\/a><\/div>\n\n\n\n<div class=\"wp-block-button\"><a class=\"wp-block-button__link wp-element-button\" href=\"https:\/\/www.instagram.com\/colombe_julia\/\">Instagram<\/a><\/div>\n<\/div>\n\n\n\n<hr class=\"wp-block-separator has-alpha-channel-opacity\"\/>\n\n\n\n<h3 class=\"wp-block-heading\">4. Exp\u00e9rience unique sur les villages de course<\/h3>\n\n\n\n<p>Profitez de moments privil\u00e9gi\u00e9s :<\/p>\n\n\n\n<ul class=\"wp-block-list\">\n<li>Visite exclusive du bateau pour vos \u00e9quipes avant les d\u00e9parts<\/li>\n\n\n\n<li>Participation aux \u00e9v\u00e9nements au c\u0153ur de la course pour renforcer l\u2019engagement de vos collaborateurs<\/li>\n<\/ul>\n\n\n\n<figure class=\"wp-block-gallery has-nested-images columns-default is-cropped wp-block-gallery-3 is-layout-flex wp-block-gallery-is-layout-flex\">\n<figure class=\"wp-block-image size-large\"><img loading=\"lazy\" decoding=\"async\" width=\"1024\" height=\"772\" data-id=\"1381\" src=\"https:\/\/www.colombe-julia.com\/wp-content\/uploads\/2025\/07\/image-7-1-1024x772.png\" alt=\"\" class=\"wp-image-1381\" srcset=\"https:\/\/www.colombe-julia.com\/wp-content\/uploads\/2025\/07\/image-7-1-1024x772.png 1024w, https:\/\/www.colombe-julia.com\/wp-content\/uploads\/2025\/07\/image-7-1-300x226.png 300w, https:\/\/www.colombe-julia.com\/wp-content\/uploads\/2025\/07\/image-7-1-768x579.png 768w, https:\/\/www.colombe-julia.com\/wp-content\/uploads\/2025\/07\/image-7-1.png 1080w\" sizes=\"(max-width: 1024px) 100vw, 1024px\" \/><\/figure>\n<\/figure>\n\n\n\n<hr class=\"wp-block-separator has-alpha-channel-opacity\"\/>\n\n\n\n<h3 class=\"wp-block-heading\">5. Vivez le d\u00e9part en live avec vos clients<\/h3>\n\n\n\n<p>Proposez \u00e0 vos clients une exp\u00e9rience immersive et exclusive lors des d\u00e9parts, pour cr\u00e9er un lien fort et durable.<\/p>\n\n\n\n<figure class=\"wp-block-image size-large is-resized\"><img loading=\"lazy\" decoding=\"async\" width=\"2048\" height=\"1365\" src=\"https:\/\/www.colombe-julia.com\/wp-content\/uploads\/2025\/07\/image-13-2-edited.png\" alt=\"\" class=\"wp-image-1386\" style=\"width:1290px;height:auto\" srcset=\"https:\/\/www.colombe-julia.com\/wp-content\/uploads\/2025\/07\/image-13-2-edited.png 2048w, https:\/\/www.colombe-julia.com\/wp-content\/uploads\/2025\/07\/image-13-2-edited-300x200.png 300w, https:\/\/www.colombe-julia.com\/wp-content\/uploads\/2025\/07\/image-13-2-edited-1024x683.png 1024w, https:\/\/www.colombe-julia.com\/wp-content\/uploads\/2025\/07\/image-13-2-edited-768x512.png 768w, https:\/\/www.colombe-julia.com\/wp-content\/uploads\/2025\/07\/image-13-2-edited-1536x1024.png 1536w\" sizes=\"(max-width: 2048px) 100vw, 2048px\" \/><\/figure>\n\n\n\n<hr class=\"wp-block-separator has-alpha-channel-opacity\"\/>\n\n\n\n<h2 class=\"wp-block-heading\">Pour devenir partenaire et embarquer dans cette aventure, contactez-nous d\u00e8s maintenant !<\/h2>\n\n\n\n<p><\/p>\n\n\n\n<p><\/p>\n","protected":false},"excerpt":{"rendered":"<p>Embarquez avec Colombe Julia Rejoignez une aventure humaine et sportive qui valorise votre entreprise et f\u00e9d\u00e8re vos \u00e9quipes autour d\u2019un projet unique. Les avantages sont nombreux pour votre entreprises : 1. Valorisation de votre marque employeur B\u00e9n\u00e9ficiez d\u2019une visibilit\u00e9 forte gr\u00e2ce \u00e0 des articles de presse d\u00e9di\u00e9s et une pr\u00e9sence m\u00e9diatique cibl\u00e9e, qui renforcent l\u2019image [&hellip;]<\/p>\n","protected":false},"author":1,"featured_media":0,"parent":0,"menu_order":0,"comment_status":"closed","ping_status":"closed","template":"","meta":{"footnotes":""},"class_list":["post-1257","page","type-page","status-publish","hentry"],"blocksy_meta":[],"_links":{"self":[{"href":"https:\/\/www.colombe-julia.com\/index.php\/wp-json\/wp\/v2\/pages\/1257","targetHints":{"allow":["GET"]}}],"collection":[{"href":"https:\/\/www.colombe-julia.com\/index.php\/wp-json\/wp\/v2\/pages"}],"about":[{"href":"https:\/\/www.colombe-julia.com\/index.php\/wp-json\/wp\/v2\/types\/page"}],"author":[{"embeddable":true,"href":"https:\/\/www.colombe-julia.com\/index.php\/wp-json\/wp\/v2\/users\/1"}],"replies":[{"embeddable":true,"href":"https:\/\/www.colombe-julia.com\/index.php\/wp-json\/wp\/v2\/comments?post=1257"}],"version-history":[{"count":10,"href":"https:\/\/www.colombe-julia.com\/index.php\/wp-json\/wp\/v2\/pages\/1257\/revisions"}],"predecessor-version":[{"id":1413,"href":"https:\/\/www.colombe-julia.com\/index.php\/wp-json\/wp\/v2\/pages\/1257\/revisions\/1413"}],"wp:attachment":[{"href":"https:\/\/www.colombe-julia.com\/index.php\/wp-json\/wp\/v2\/media?parent=1257"}],"curies":[{"name":"wp","href":"https:\/\/api.w.org\/{rel}","templated":true}]}}