{"id":1253,"date":"2025-05-27T15:46:38","date_gmt":"2025-05-27T13:46:38","guid":{"rendered":"https:\/\/www.colombe-julia.com\/?page_id=1253"},"modified":"2026-03-16T10:28:45","modified_gmt":"2026-03-16T09:28:45","slug":"accueil","status":"publish","type":"page","link":"https:\/\/www.colombe-julia.com\/","title":{"rendered":"Accueil"},"content":{"rendered":"\n<p><\/p>\n\n\n\n<h2 class=\"wp-block-heading\"><strong>Colombe Julia \u2013 Cap vers l\u2019horizon<\/strong><\/h2>\n\n\n\n<p><\/p>\n\n\n\n<div class=\"wp-block-group is-vertical is-layout-flex wp-container-core-group-is-layout-fe9cc265 wp-block-group-is-layout-flex\">\n<div class=\"wp-block-group is-vertical is-layout-flex wp-container-core-group-is-layout-fe9cc265 wp-block-group-is-layout-flex\">\n<p>La voile a toujours fait partie de ma vie, mais mon parcours est loin d\u2019\u00eatre classique. <\/p>\n\n\n\n<p>Issue de la r\u00e9gion parisienne, j\u2019ai d\u00e9couvert la mer et la navigation d\u00e8s mon enfance. D\u00e8s mes premiers bords en Optimist au centre nautique de Saint-Cast-le-Guildo, je me suis li\u00e9e profond\u00e9ment \u00e0 l\u2019univers de la mer.<\/p>\n<\/div>\n<\/div>\n\n\n\n<figure class=\"wp-block-embed is-type-video is-provider-youtube wp-block-embed-youtube wp-embed-aspect-16-9 wp-has-aspect-ratio\"><div class=\"wp-block-embed__wrapper\">\n<iframe title=\"Naviguer par passion\" width=\"1290\" height=\"726\" src=\"https:\/\/www.youtube.com\/embed\/gGqHRXFrI6M?feature=oembed\" frameborder=\"0\" allow=\"accelerometer; autoplay; clipboard-write; encrypted-media; gyroscope; picture-in-picture; web-share\" referrerpolicy=\"strict-origin-when-cross-origin\" allowfullscreen><\/iframe>\n<\/div><\/figure>\n\n\n\n<h2 class=\"wp-block-heading\"><strong>Ing\u00e9nieure ENSTA Bretagne et Sportive de Haut Niveau<\/strong><\/h2>\n\n\n\n<p>Mon r\u00eave de devenir skipper est n\u00e9 lors du d\u00e9part de la Route du Rhum en 2014. <\/p>\n\n\n\n<div class=\"wp-block-group is-layout-constrained wp-block-group-is-layout-constrained\">\n<p>Passionn\u00e9e de r\u00e9gate, j&#8217;ai d\u00e9di\u00e9 ma vie \u00e0 la comp\u00e9tition, int\u00e9grant le P\u00f4le France de Brest pour la pr\u00e9paration des JO de Paris 2024 en parall\u00e8le de mes \u00e9tudes d&#8217;ing\u00e9nieure. <\/p>\n\n\n\n<p>Ces ann\u00e9es m&#8217;ont appris la rigueur, la gestion de la pression et la recherche de performance, me permettant de d\u00e9velopper une solide exp\u00e9rience en haute comp\u00e9tition.<\/p>\n<\/div>\n\n\n\n<figure class=\"wp-block-image aligncenter size-large is-resized\"><img fetchpriority=\"high\" decoding=\"async\" width=\"1024\" height=\"682\" src=\"https:\/\/www.colombe-julia.com\/wp-content\/uploads\/2025\/07\/CICO2021-GardaTrentinoVela-elenagiolai-2021-_A3A2693-1-1024x682.jpg\" alt=\"\" class=\"wp-image-1391\" style=\"width:926px;height:auto\" srcset=\"https:\/\/www.colombe-julia.com\/wp-content\/uploads\/2025\/07\/CICO2021-GardaTrentinoVela-elenagiolai-2021-_A3A2693-1-1024x682.jpg 1024w, https:\/\/www.colombe-julia.com\/wp-content\/uploads\/2025\/07\/CICO2021-GardaTrentinoVela-elenagiolai-2021-_A3A2693-1-300x200.jpg 300w, https:\/\/www.colombe-julia.com\/wp-content\/uploads\/2025\/07\/CICO2021-GardaTrentinoVela-elenagiolai-2021-_A3A2693-1-768x512.jpg 768w, https:\/\/www.colombe-julia.com\/wp-content\/uploads\/2025\/07\/CICO2021-GardaTrentinoVela-elenagiolai-2021-_A3A2693-1.jpg 1367w\" sizes=\"(max-width: 1024px) 100vw, 1024px\" \/><\/figure>\n\n\n\n<h2 class=\"wp-block-heading\"><strong>De l&#8217;Olympisme \u00e0 la course au large<\/strong><\/h2>\n\n\n\n<p>Apr\u00e8s les Championnats du Monde et d&#8217;Europe de d\u00e9riveur je me suis tourn\u00e9e vers le large.<\/p>\n\n\n\n<p> J&#8217;ai gagn\u00e9 la s\u00e9lection Espoir de BE Racing, faisant mes d\u00e9buts en Figaro 3 au sein d&#8217;une \u00e9curie professionnelle.<\/p>\n\n\n\n<p>Cette exp\u00e9rience a enrichi ma progression en course au large, m&#8217;initiant \u00e0 la navigation en solitaire et \u00e0 la gestion d&#8217;un projet Figaro, me pr\u00e9parant \u00e0 construire mon propre projet pour atteindre des niveaux de performance \u00e9lev\u00e9s.<\/p>\n\n\n\n<figure class=\"wp-block-image aligncenter size-large is-resized\"><img decoding=\"async\" width=\"1024\" height=\"683\" src=\"https:\/\/www.colombe-julia.com\/wp-content\/uploads\/2025\/05\/230519tp_3543-1024x683.jpg\" alt=\"\" class=\"wp-image-1322\" style=\"width:922px;height:auto\" srcset=\"https:\/\/www.colombe-julia.com\/wp-content\/uploads\/2025\/05\/230519tp_3543-1024x683.jpg 1024w, https:\/\/www.colombe-julia.com\/wp-content\/uploads\/2025\/05\/230519tp_3543-300x200.jpg 300w, https:\/\/www.colombe-julia.com\/wp-content\/uploads\/2025\/05\/230519tp_3543-768x512.jpg 768w, https:\/\/www.colombe-julia.com\/wp-content\/uploads\/2025\/05\/230519tp_3543-1536x1024.jpg 1536w, https:\/\/www.colombe-julia.com\/wp-content\/uploads\/2025\/05\/230519tp_3543.jpg 1600w\" sizes=\"(max-width: 1024px) 100vw, 1024px\" \/><figcaption class=\"wp-element-caption\">Arthur Hubert et Colombe Julia, a bord du Figaro MonAtoutEnergie.fr, 9eme de la Transat Paprec 2023 entre Concarneau et Saint Barthelemy &#8211; Gustavia le 19\/05\/2023<\/figcaption><\/figure>\n\n\n\n<p>Ci-dessus l&#8217;arriv\u00e9e de ma premi\u00e8re Transatlantique gr\u00e2ce au projet Espoir de BE Racing !<\/p>\n\n\n\n<h2 class=\"wp-block-heading\"><strong>Le projet<\/strong><\/h2>\n\n\n\n<p>Mon d\u00e9fi : participer \u00e0 la Madeira Race 2026 et \u00e0 la Solitaire du Figaro 2027.<br>En savoir plus sur les \u00e9tapes, le bateau, l\u2019\u00e9quipage\u2026<\/p>\n\n\n\n<div class=\"wp-block-group is-nowrap is-layout-flex wp-container-core-group-is-layout-6c531013 wp-block-group-is-layout-flex\">\n<div class=\"wp-block-buttons is-layout-flex wp-block-buttons-is-layout-flex\">\n<div class=\"wp-block-button\"><a class=\"wp-block-button__link wp-element-button\" href=\"https:\/\/www.colombe-julia.com\/index.php\/mon-projet\/\">Mon projet<\/a><\/div>\n<\/div>\n<\/div>\n\n\n\n<p><\/p>\n","protected":false},"excerpt":{"rendered":"<p>Colombe Julia \u2013 Cap vers l\u2019horizon La voile a toujours fait partie de ma vie, mais mon parcours est loin d\u2019\u00eatre classique. Issue de la r\u00e9gion parisienne, j\u2019ai d\u00e9couvert la mer et la navigation d\u00e8s mon enfance. D\u00e8s mes premiers bords en Optimist au centre nautique de Saint-Cast-le-Guildo, je me suis li\u00e9e profond\u00e9ment \u00e0 l\u2019univers [&hellip;]<\/p>\n","protected":false},"author":1,"featured_media":0,"parent":0,"menu_order":0,"comment_status":"closed","ping_status":"closed","template":"","meta":{"footnotes":""},"class_list":["post-1253","page","type-page","status-publish","hentry"],"blocksy_meta":[],"_links":{"self":[{"href":"https:\/\/www.colombe-julia.com\/index.php\/wp-json\/wp\/v2\/pages\/1253","targetHints":{"allow":["GET"]}}],"collection":[{"href":"https:\/\/www.colombe-julia.com\/index.php\/wp-json\/wp\/v2\/pages"}],"about":[{"href":"https:\/\/www.colombe-julia.com\/index.php\/wp-json\/wp\/v2\/types\/page"}],"author":[{"embeddable":true,"href":"https:\/\/www.colombe-julia.com\/index.php\/wp-json\/wp\/v2\/users\/1"}],"replies":[{"embeddable":true,"href":"https:\/\/www.colombe-julia.com\/index.php\/wp-json\/wp\/v2\/comments?post=1253"}],"version-history":[{"count":22,"href":"https:\/\/www.colombe-julia.com\/index.php\/wp-json\/wp\/v2\/pages\/1253\/revisions"}],"predecessor-version":[{"id":1445,"href":"https:\/\/www.colombe-julia.com\/index.php\/wp-json\/wp\/v2\/pages\/1253\/revisions\/1445"}],"wp:attachment":[{"href":"https:\/\/www.colombe-julia.com\/index.php\/wp-json\/wp\/v2\/media?parent=1253"}],"curies":[{"name":"wp","href":"https:\/\/api.w.org\/{rel}","templated":true}]}}